{"id":12045,"date":"2023-09-19T09:44:58","date_gmt":"2023-09-19T09:44:58","guid":{"rendered":"https:\/\/darkyn.ma\/?post_type=product&#038;p=12045"},"modified":"2026-02-05T08:35:37","modified_gmt":"2026-02-05T08:35:37","slug":"moulure-wd2","status":"publish","type":"product","link":"https:\/\/darkyn.ma\/index.php\/product\/moulure-wd2\/","title":{"rendered":"Moulure WD2"},"content":{"rendered":"<p><span style=\"font-weight: 400;\">La cimaise polyvalente WD2 WALLSTYL\u00ae est un profil\u00e9 fonctionnel. Son design minimaliste et cubique ajoute un \u00e9l\u00e9ment intemporel \u00e0 un int\u00e9rieur. Utilisez la WD2 comme cimaise classique ou pour cr\u00e9er des boiseries et des cadres personnalis\u00e9s ou pour r\u00e9aliser des sections sur le mur ou le plafond. La WD2 peut \u00eatre combin\u00e9e avec la WD2-2200 WALLSTYL\u00ae pour cr\u00e9er un encadrement de porte professionnel.<\/span><\/p>\n<p><span style=\"font-weight: 400;\">La cimaise polyvalente WD2 WALLSTYL\u00ae est un profil\u00e9 fonctionnel. Son design minimaliste et cubique ajoute un \u00e9l\u00e9ment intemporel \u00e0 un int\u00e9rieur. Utilisez la WD2 comme cimaise classique ou pour cr\u00e9er des boiseries et des cadres personnalis\u00e9s ou pour r\u00e9aliser des sections sur le mur ou le plafond. La WD2 peut \u00eatre combin\u00e9e avec la WD2-2200 WALLSTYL\u00ae pour cr\u00e9er un encadrement de porte professionnel.<\/span><\/p>\n","protected":false},"excerpt":{"rendered":"<p><b>Dimensions du produit:<\/b><\/p>\n<ul>\n<li style=\"font-weight: 400;\"><span style=\"font-weight: 400;\">Longueur (L) 2 m\u00e8tres<\/span><\/li>\n<li style=\"font-weight: 400;\"><span style=\"font-weight: 400;\">Hauteur (H) 70 millim\u00e8tres<\/span><\/li>\n<li style=\"font-weight: 400;\"><span style=\"font-weight: 400;\">Largeur (W) 15 millim\u00e8tres<\/span><\/li>\n<\/ul>\n<p><b>Mat\u00e9riau:\u00a0 HDPS<\/b><span style=\"font-weight: 400;\">\u00a0Polystyr\u00e8ne haute densit\u00e9<\/span><\/p>\n<p><b>Couleur:<\/b><\/p>\n<ul>\n<li style=\"font-weight: 400;\"><span style=\"font-weight: 400;\">Blanc<\/span><\/li>\n<li style=\"font-weight: 400;\">Appr\u00eat\u00e9, pr\u00eat \u00e0 peindre<\/li>\n<\/ul>\n<p><b>\u00a0\u00a0Avantages de la cimaise WD2 WALLSTYL\u00ae:<\/b><\/p>\n<ul>\n<li style=\"font-weight: 400;\"><span style=\"font-weight: 400;\">Mat\u00e9riau l\u00e9ger<\/span><\/li>\n<li style=\"font-weight: 400;\"><span style=\"font-weight: 400;\">R\u00e9sistant aux chocs et durable\u00a0<\/span><\/li>\n<li style=\"font-weight: 400;\"><span style=\"font-weight: 400;\">Recyclable\u00a0<\/span><\/li>\n<li style=\"font-weight: 400;\"><span style=\"font-weight: 400;\">R\u00e9sistant \u00e0 l&rsquo;humidit\u00e9<\/span><\/li>\n<li style=\"font-weight: 400;\"><span style=\"font-weight: 400;\">Installation simple<\/span><\/li>\n<\/ul>\n","protected":false},"featured_media":12046,"template":"","meta":[],"product_brand":[],"product_cat":[114,34],"product_tag":[117],"class_list":{"0":"post-12045","1":"product","2":"type-product","3":"status-publish","4":"has-post-thumbnail","6":"product_cat-moulures","7":"product_cat-revetement-mur","8":"product_tag-noel-marquet","10":"first","11":"instock","12":"shipping-taxable","13":"product-type-simple"},"_links":{"self":[{"href":"https:\/\/darkyn.ma\/index.php\/wp-json\/wp\/v2\/product\/12045","targetHints":{"allow":["GET"]}}],"collection":[{"href":"https:\/\/darkyn.ma\/index.php\/wp-json\/wp\/v2\/product"}],"about":[{"href":"https:\/\/darkyn.ma\/index.php\/wp-json\/wp\/v2\/types\/product"}],"wp:featuredmedia":[{"embeddable":true,"href":"https:\/\/darkyn.ma\/index.php\/wp-json\/wp\/v2\/media\/12046"}],"wp:attachment":[{"href":"https:\/\/darkyn.ma\/index.php\/wp-json\/wp\/v2\/media?parent=12045"}],"wp:term":[{"taxonomy":"product_brand","embeddable":true,"href":"https:\/\/darkyn.ma\/index.php\/wp-json\/wp\/v2\/product_brand?post=12045"},{"taxonomy":"product_cat","embeddable":true,"href":"https:\/\/darkyn.ma\/index.php\/wp-json\/wp\/v2\/product_cat?post=12045"},{"taxonomy":"product_tag","embeddable":true,"href":"https:\/\/darkyn.ma\/index.php\/wp-json\/wp\/v2\/product_tag?post=12045"}],"curies":[{"name":"wp","href":"https:\/\/api.w.org\/{rel}","templated":true}]}}