{"id":11981,"date":"2023-06-01T11:05:24","date_gmt":"2023-06-01T11:05:24","guid":{"rendered":"https:\/\/darkyn.ma\/?post_type=product&#038;p=11981"},"modified":"2023-06-01T11:06:28","modified_gmt":"2023-06-01T11:06:28","slug":"bloomsburry-301914","status":"publish","type":"product","link":"https:\/\/darkyn.ma\/index.php\/product\/bloomsburry-301914\/","title":{"rendered":"Bloomsburry &#8211; 301914"},"content":{"rendered":"","protected":false},"excerpt":{"rendered":"<p>Les papiers peints \u00ab\u00a0Bloomsbury\u00a0\u00bb sont un hommage au l\u00e9gendaire groupe Bloomsbury. La collection pr\u00e9sente des motifs cr\u00e9atifs, artistiques et color\u00e9s dans un style abstrait, transformant n&rsquo;importe quel mur en une \u0153uvre d&rsquo;art.<\/p>\n","protected":false},"featured_media":11983,"template":"","meta":[],"product_brand":[],"product_cat":[35,34],"product_tag":[],"class_list":{"0":"post-11981","1":"product","2":"type-product","3":"status-publish","4":"has-post-thumbnail","6":"product_cat-papier-peint","7":"product_cat-revetement-mur","9":"first","10":"instock","11":"shipping-taxable","12":"product-type-simple"},"_links":{"self":[{"href":"https:\/\/darkyn.ma\/index.php\/wp-json\/wp\/v2\/product\/11981","targetHints":{"allow":["GET"]}}],"collection":[{"href":"https:\/\/darkyn.ma\/index.php\/wp-json\/wp\/v2\/product"}],"about":[{"href":"https:\/\/darkyn.ma\/index.php\/wp-json\/wp\/v2\/types\/product"}],"wp:featuredmedia":[{"embeddable":true,"href":"https:\/\/darkyn.ma\/index.php\/wp-json\/wp\/v2\/media\/11983"}],"wp:attachment":[{"href":"https:\/\/darkyn.ma\/index.php\/wp-json\/wp\/v2\/media?parent=11981"}],"wp:term":[{"taxonomy":"product_brand","embeddable":true,"href":"https:\/\/darkyn.ma\/index.php\/wp-json\/wp\/v2\/product_brand?post=11981"},{"taxonomy":"product_cat","embeddable":true,"href":"https:\/\/darkyn.ma\/index.php\/wp-json\/wp\/v2\/product_cat?post=11981"},{"taxonomy":"product_tag","embeddable":true,"href":"https:\/\/darkyn.ma\/index.php\/wp-json\/wp\/v2\/product_tag?post=11981"}],"curies":[{"name":"wp","href":"https:\/\/api.w.org\/{rel}","templated":true}]}}