{"id":11384,"date":"2022-04-25T22:02:24","date_gmt":"2022-04-25T22:02:24","guid":{"rendered":"http:\/\/darkyn.dev-wbk.com\/index.php\/product\/poster-grounded-300444\/"},"modified":"2022-04-25T22:02:24","modified_gmt":"2022-04-25T22:02:24","slug":"poster-grounded-300444","status":"publish","type":"product","link":"https:\/\/darkyn.ma\/index.php\/product\/poster-grounded-300444\/","title":{"rendered":"Poster Grounded &#8211; 300444"},"content":{"rendered":"","protected":false},"excerpt":{"rendered":"<p>D\u00e9cors muraux, posters panoramiques \u2026 la d\u00e9coration murale \u00e0 grande \u00e9chelle pour habiller vos murs. Des impressions couleurs, des trompes l\u2019\u0153il bluffant : Darkyn vous propose du papier peint XXL pour habiller un mur de fa\u00e7on unique, originale et sur-mesure !<\/p>\n","protected":false},"featured_media":11343,"template":"","meta":[],"product_brand":[],"product_cat":[104],"product_tag":[],"class_list":{"0":"post-11384","1":"product","2":"type-product","3":"status-publish","4":"has-post-thumbnail","6":"product_cat-poster","8":"first","9":"instock","10":"shipping-taxable","11":"product-type-simple"},"_links":{"self":[{"href":"https:\/\/darkyn.ma\/index.php\/wp-json\/wp\/v2\/product\/11384","targetHints":{"allow":["GET"]}}],"collection":[{"href":"https:\/\/darkyn.ma\/index.php\/wp-json\/wp\/v2\/product"}],"about":[{"href":"https:\/\/darkyn.ma\/index.php\/wp-json\/wp\/v2\/types\/product"}],"wp:featuredmedia":[{"embeddable":true,"href":"https:\/\/darkyn.ma\/index.php\/wp-json\/wp\/v2\/media\/11343"}],"wp:attachment":[{"href":"https:\/\/darkyn.ma\/index.php\/wp-json\/wp\/v2\/media?parent=11384"}],"wp:term":[{"taxonomy":"product_brand","embeddable":true,"href":"https:\/\/darkyn.ma\/index.php\/wp-json\/wp\/v2\/product_brand?post=11384"},{"taxonomy":"product_cat","embeddable":true,"href":"https:\/\/darkyn.ma\/index.php\/wp-json\/wp\/v2\/product_cat?post=11384"},{"taxonomy":"product_tag","embeddable":true,"href":"https:\/\/darkyn.ma\/index.php\/wp-json\/wp\/v2\/product_tag?post=11384"}],"curies":[{"name":"wp","href":"https:\/\/api.w.org\/{rel}","templated":true}]}}