{"id":11374,"date":"2022-04-25T22:02:19","date_gmt":"2022-04-25T22:02:19","guid":{"rendered":"http:\/\/darkyn.dev-wbk.com\/index.php\/product\/poster-color-stories-300434\/"},"modified":"2022-04-26T11:58:06","modified_gmt":"2022-04-26T11:58:06","slug":"poster-color-stories-300434","status":"publish","type":"product","link":"https:\/\/darkyn.ma\/index.php\/product\/poster-color-stories-300434\/","title":{"rendered":"Poster Color Stories &#8211; 300434"},"content":{"rendered":"","protected":false},"excerpt":{"rendered":"<p>D\u00e9cors muraux, posters panoramiques \u2026 la d\u00e9coration murale \u00e0 grande \u00e9chelle pour habiller vos murs. Des impressions couleurs, des trompes l\u2019\u0153il bluffant : Darkyn vous propose du papier peint XXL pour habiller un mur de fa\u00e7on unique, originale et sur-mesure !<\/p>\n","protected":false},"featured_media":11323,"template":"","meta":[],"product_brand":[],"product_cat":[104],"product_tag":[],"class_list":{"0":"post-11374","1":"product","2":"type-product","3":"status-publish","4":"has-post-thumbnail","6":"product_cat-poster","8":"first","9":"instock","10":"shipping-taxable","11":"product-type-simple"},"_links":{"self":[{"href":"https:\/\/darkyn.ma\/index.php\/wp-json\/wp\/v2\/product\/11374","targetHints":{"allow":["GET"]}}],"collection":[{"href":"https:\/\/darkyn.ma\/index.php\/wp-json\/wp\/v2\/product"}],"about":[{"href":"https:\/\/darkyn.ma\/index.php\/wp-json\/wp\/v2\/types\/product"}],"wp:featuredmedia":[{"embeddable":true,"href":"https:\/\/darkyn.ma\/index.php\/wp-json\/wp\/v2\/media\/11323"}],"wp:attachment":[{"href":"https:\/\/darkyn.ma\/index.php\/wp-json\/wp\/v2\/media?parent=11374"}],"wp:term":[{"taxonomy":"product_brand","embeddable":true,"href":"https:\/\/darkyn.ma\/index.php\/wp-json\/wp\/v2\/product_brand?post=11374"},{"taxonomy":"product_cat","embeddable":true,"href":"https:\/\/darkyn.ma\/index.php\/wp-json\/wp\/v2\/product_cat?post=11374"},{"taxonomy":"product_tag","embeddable":true,"href":"https:\/\/darkyn.ma\/index.php\/wp-json\/wp\/v2\/product_tag?post=11374"}],"curies":[{"name":"wp","href":"https:\/\/api.w.org\/{rel}","templated":true}]}}