{"id":11354,"date":"2022-04-25T22:02:13","date_gmt":"2022-04-25T22:02:13","guid":{"rendered":"http:\/\/darkyn.dev-wbk.com\/index.php\/product\/poster-dimensions-300353\/"},"modified":"2022-04-26T11:58:05","modified_gmt":"2022-04-26T11:58:05","slug":"poster-dimensions-300353","status":"publish","type":"product","link":"https:\/\/darkyn.ma\/index.php\/product\/poster-dimensions-300353\/","title":{"rendered":"Poster Dimensions &#8211; 300353"},"content":{"rendered":"","protected":false},"excerpt":{"rendered":"<p>D\u00e9cors muraux, posters panoramiques \u2026 la d\u00e9coration murale \u00e0 grande \u00e9chelle pour habiller vos murs. Des impressions couleurs, des trompes l\u2019\u0153il bluffant : Darkyn vous propose du papier peint XXL pour habiller un mur de fa\u00e7on unique, originale et sur-mesure !<\/p>\n","protected":false},"featured_media":11282,"template":"","meta":[],"product_brand":[],"product_cat":[104],"product_tag":[],"class_list":{"0":"post-11354","1":"product","2":"type-product","3":"status-publish","4":"has-post-thumbnail","6":"product_cat-poster","8":"first","9":"instock","10":"shipping-taxable","11":"product-type-simple"},"_links":{"self":[{"href":"https:\/\/darkyn.ma\/index.php\/wp-json\/wp\/v2\/product\/11354","targetHints":{"allow":["GET"]}}],"collection":[{"href":"https:\/\/darkyn.ma\/index.php\/wp-json\/wp\/v2\/product"}],"about":[{"href":"https:\/\/darkyn.ma\/index.php\/wp-json\/wp\/v2\/types\/product"}],"wp:featuredmedia":[{"embeddable":true,"href":"https:\/\/darkyn.ma\/index.php\/wp-json\/wp\/v2\/media\/11282"}],"wp:attachment":[{"href":"https:\/\/darkyn.ma\/index.php\/wp-json\/wp\/v2\/media?parent=11354"}],"wp:term":[{"taxonomy":"product_brand","embeddable":true,"href":"https:\/\/darkyn.ma\/index.php\/wp-json\/wp\/v2\/product_brand?post=11354"},{"taxonomy":"product_cat","embeddable":true,"href":"https:\/\/darkyn.ma\/index.php\/wp-json\/wp\/v2\/product_cat?post=11354"},{"taxonomy":"product_tag","embeddable":true,"href":"https:\/\/darkyn.ma\/index.php\/wp-json\/wp\/v2\/product_tag?post=11354"}],"curies":[{"name":"wp","href":"https:\/\/api.w.org\/{rel}","templated":true}]}}