{"id":11259,"date":"2022-04-25T21:39:24","date_gmt":"2022-04-25T21:39:24","guid":{"rendered":"http:\/\/darkyn.dev-wbk.com\/index.php\/product\/tapis-bloom-466-117-ak990\/"},"modified":"2022-04-26T11:58:03","modified_gmt":"2022-04-26T11:58:03","slug":"tapis-bloom-466-117-ak990","status":"publish","type":"product","link":"https:\/\/darkyn.ma\/index.php\/product\/tapis-bloom-466-117-ak990\/","title":{"rendered":"Tapis &#8211; Bloom &#8211; 466-117 \/ ak990"},"content":{"rendered":"","protected":false},"excerpt":{"rendered":"<p>Un tapis moderne tr\u00e8s en vogue et tendance, en plus de r\u00e9chauffer votre pi\u00e8ce, son design s\u2019int\u00e8gre \u00e0 merveille dans une d\u00e9coration branch\u00e9e, classique ou m\u00eame vintage. Parfait pour finaliser la d\u00e9co de votre salon, cuisine ou chambre \u00e0 coucher.<\/p>\n","protected":false},"featured_media":11222,"template":"","meta":[],"product_brand":[],"product_cat":[103],"product_tag":[81],"class_list":{"0":"post-11259","1":"product","2":"type-product","3":"status-publish","4":"has-post-thumbnail","6":"product_cat-tapis-2","7":"product_tag-osta","9":"first","10":"instock","11":"shipping-taxable","12":"product-type-simple"},"_links":{"self":[{"href":"https:\/\/darkyn.ma\/index.php\/wp-json\/wp\/v2\/product\/11259","targetHints":{"allow":["GET"]}}],"collection":[{"href":"https:\/\/darkyn.ma\/index.php\/wp-json\/wp\/v2\/product"}],"about":[{"href":"https:\/\/darkyn.ma\/index.php\/wp-json\/wp\/v2\/types\/product"}],"wp:featuredmedia":[{"embeddable":true,"href":"https:\/\/darkyn.ma\/index.php\/wp-json\/wp\/v2\/media\/11222"}],"wp:attachment":[{"href":"https:\/\/darkyn.ma\/index.php\/wp-json\/wp\/v2\/media?parent=11259"}],"wp:term":[{"taxonomy":"product_brand","embeddable":true,"href":"https:\/\/darkyn.ma\/index.php\/wp-json\/wp\/v2\/product_brand?post=11259"},{"taxonomy":"product_cat","embeddable":true,"href":"https:\/\/darkyn.ma\/index.php\/wp-json\/wp\/v2\/product_cat?post=11259"},{"taxonomy":"product_tag","embeddable":true,"href":"https:\/\/darkyn.ma\/index.php\/wp-json\/wp\/v2\/product_tag?post=11259"}],"curies":[{"name":"wp","href":"https:\/\/api.w.org\/{rel}","templated":true}]}}