{"id":10984,"date":"2022-04-20T19:47:19","date_gmt":"2022-04-20T19:47:19","guid":{"rendered":"http:\/\/darkyn.dev-wbk.com\/?post_type=product&#038;p=10984"},"modified":"2022-05-25T21:33:44","modified_gmt":"2022-05-25T21:33:44","slug":"tapis-brosse-java-200-star-3353-rood","status":"publish","type":"product","link":"https:\/\/darkyn.ma\/index.php\/product\/tapis-brosse-java-200-star-3353-rood\/","title":{"rendered":"Tapis Brosse &#8211; Java 200 Star 3353 Rood"},"content":{"rendered":"","protected":false},"excerpt":{"rendered":"<p>Darkyn propose une gamme de paillassons caract\u00e9ris\u00e9e par une durabilit\u00e9 exceptionnelle et un style adapt\u00e9 tant pour un usage r\u00e9sidentiel que commercial, avec la possibilit\u00e9 de personnalisation (logo, accroche et taille).<\/p>\n<ul>\n<li>Caract\u00e9ristique\u00a0: Tapis \u00e0 poils aiguillet\u00e9s EN 1307<\/li>\n<li>Site de certification\u00a0: 1108<\/li>\n<li>Aspect ext\u00e9rieur\u00a0: velours<\/li>\n<li>Composition tapis\u00a0: 100% PP<\/li>\n<li>Poids tapis\u00a0: 1500 g\/m\u00b2<\/li>\n<li>Hauteur de velours\u00a0: 4.5 mm<\/li>\n<li>Epaisseur totale\u00a0: 11.5 mm<\/li>\n<li>Comportement au feu\u00a0: EFL<\/li>\n<li>Classification\u00a0: 23DOP\u00a0: 1108 0300300600<\/li>\n<li>VOC (France)\u00a0: A+<\/li>\n<\/ul>\n","protected":false},"featured_media":10989,"template":"","meta":[],"product_brand":[],"product_cat":[108,102],"product_tag":[],"class_list":{"0":"post-10984","1":"product","2":"type-product","3":"status-publish","4":"has-post-thumbnail","6":"product_cat-evenementiel","7":"product_cat-tapis-brosse","9":"first","10":"instock","11":"shipping-taxable","12":"product-type-simple"},"_links":{"self":[{"href":"https:\/\/darkyn.ma\/index.php\/wp-json\/wp\/v2\/product\/10984","targetHints":{"allow":["GET"]}}],"collection":[{"href":"https:\/\/darkyn.ma\/index.php\/wp-json\/wp\/v2\/product"}],"about":[{"href":"https:\/\/darkyn.ma\/index.php\/wp-json\/wp\/v2\/types\/product"}],"wp:featuredmedia":[{"embeddable":true,"href":"https:\/\/darkyn.ma\/index.php\/wp-json\/wp\/v2\/media\/10989"}],"wp:attachment":[{"href":"https:\/\/darkyn.ma\/index.php\/wp-json\/wp\/v2\/media?parent=10984"}],"wp:term":[{"taxonomy":"product_brand","embeddable":true,"href":"https:\/\/darkyn.ma\/index.php\/wp-json\/wp\/v2\/product_brand?post=10984"},{"taxonomy":"product_cat","embeddable":true,"href":"https:\/\/darkyn.ma\/index.php\/wp-json\/wp\/v2\/product_cat?post=10984"},{"taxonomy":"product_tag","embeddable":true,"href":"https:\/\/darkyn.ma\/index.php\/wp-json\/wp\/v2\/product_tag?post=10984"}],"curies":[{"name":"wp","href":"https:\/\/api.w.org\/{rel}","templated":true}]}}